{"id":5663,"date":"2023-12-04T22:36:53","date_gmt":"2023-12-04T21:36:53","guid":{"rendered":"https:\/\/brain4industry.cz\/oblast-digitalizace\/"},"modified":"2024-02-19T15:31:11","modified_gmt":"2024-02-19T14:31:11","slug":"digitalisation-area","status":"publish","type":"page","link":"https:\/\/brain4industry.cz\/en\/digitalisation-area\/","title":{"rendered":"AREA OF DIGITISATION"},"content":{"rendered":"\n<p>Getting lost in the digital world and want to find out how it can help you? Do you need to optimize your processes? Do you want to implement specific elements of digitalisation but don&#8217;t know the options and processes? Do you want to maximize efficiency and strategically manage the digital transformation process in your company? Do you want to effectively collect traffic data and maximize its use in production?<\/p>\n\n\n\n<hr class=\"wp-block-separator has-alpha-channel-opacity\"\/>\n\n\n\n<figure class=\"wp-block-image size-large\"><img loading=\"lazy\" decoding=\"async\" width=\"1024\" height=\"256\" src=\"https:\/\/brain4industry.cz\/wp-content\/uploads\/2023\/12\/1-4-1024x256.png\" alt=\"\" class=\"wp-image-5114\" srcset=\"https:\/\/brain4industry.cz\/wp-content\/uploads\/2023\/12\/1-4-1024x256.png 1024w, https:\/\/brain4industry.cz\/wp-content\/uploads\/2023\/12\/1-4-300x75.png 300w, https:\/\/brain4industry.cz\/wp-content\/uploads\/2023\/12\/1-4-768x192.png 768w, https:\/\/brain4industry.cz\/wp-content\/uploads\/2023\/12\/1-4-1536x384.png 1536w, https:\/\/brain4industry.cz\/wp-content\/uploads\/2023\/12\/1-4.png 1584w\" sizes=\"auto, (max-width: 1024px) 100vw, 1024px\" \/><\/figure>\n\n\n\n<h2 class=\"wp-block-heading\">What will you learn?<\/h2>\n\n\n\n<ul class=\"wp-block-list\">\n<li>What is digitalisation and Industry 4.0<\/li>\n\n\n\n<li>How to correctly describe, map and optimise processes, eliminate waste<\/li>\n\n\n\n<li>What is the product lifecycle using digital tools<\/li>\n\n\n\n<li>What are the possibilities of automation in production and administration<\/li>\n\n\n\n<li>Why automated data collection and data handling is important<\/li>\n\n\n\n<li>How to make practical use of AI, deep learning, machine learning, VR and AR<\/li>\n\n\n\n<li>What are the technologies, materials, and applications of 3D printing (practical examples)<\/li>\n\n\n\n<li>How to identify cyber threats and how to defend against them<\/li>\n\n\n\n<li>How to communicate and implement change, motivate and lead innovation in your company<\/li>\n\n\n\n<li>How to create your own digitisation project<\/li>\n<\/ul>\n\n\n\n<h2 class=\"wp-block-heading\">Courses by level<\/h2>\n\n\n\n<ul class=\"wp-block-list\">\n<li><strong>BASIC<\/strong> | Introduction to Digitization; Dataset Creation | 8 hours | dates: 14.3., 15.5.&nbsp;2024 | <strong><a href=\"https:\/\/brain4industry.cz\/uvod-do-digitalizace\/\">COURSE DETAIL<\/a><\/strong><\/li>\n\n\n\n<li>Digital Academy; Dataset Creation II | 2+2+1 day | 1st run: 25.-26.4. + 16.-17.5. + 6.6.&nbsp;2024 | <strong><a href=\"https:\/\/brain4industry.cz\/digitalni-akademie\/\">COURSE DETAIL<\/a><\/strong><\/li>\n\n\n\n<li><strong>EXPERT<\/strong> | Digit\u00e1ln\u00ed akademie II | 10&nbsp;dn\u00ed | na m\u00edru<\/li>\n<\/ul>\n\n\n\n<div class=\"wp-block-columns is-layout-flex wp-container-core-columns-is-layout-28f84493 wp-block-columns-is-layout-flex\">\n<div class=\"wp-block-column is-layout-flow wp-block-column-is-layout-flow\" style=\"flex-basis:66.66%\">\n<p><strong>Are you interested in our offer? Use this form to register for the currently announced courses or just request more information. We will get back to you.<\/strong><\/p>\n<\/div>\n\n\n\n<div class=\"wp-block-column is-layout-flow wp-block-column-is-layout-flow\" style=\"flex-basis:33.33%\">\n<div class=\"wp-block-buttons is-layout-flex wp-block-buttons-is-layout-flex\">\n<div class=\"wp-block-button\"><a class=\"wp-block-button__link wp-element-button\" href=\"https:\/\/forms.office.com\/e\/xB5BfmmGm9\">M\u00c1M Z\u00c1JEM<\/a><\/div>\n<\/div>\n<\/div>\n<\/div>\n\n\n\n<p><\/p>\n\n\n\n<h2 class=\"wp-block-heading\">Expert guarantors<\/h2>\n\n\n\n<div class=\"wp-block-columns is-layout-flex wp-container-core-columns-is-layout-28f84493 wp-block-columns-is-layout-flex\">\n<div class=\"wp-block-column is-layout-flow wp-block-column-is-layout-flow\" style=\"flex-basis:33.33%\">\n<figure class=\"wp-block-image size-full\"><img loading=\"lazy\" decoding=\"async\" width=\"200\" height=\"200\" src=\"https:\/\/brain4industry.cz\/wp-content\/uploads\/2023\/12\/1-3.png\" alt=\"\" class=\"wp-image-5108\" srcset=\"https:\/\/brain4industry.cz\/wp-content\/uploads\/2023\/12\/1-3.png 200w, https:\/\/brain4industry.cz\/wp-content\/uploads\/2023\/12\/1-3-150x150.png 150w\" sizes=\"auto, (max-width: 200px) 100vw, 200px\" \/><\/figure>\n<\/div>\n\n\n\n<div class=\"wp-block-column is-layout-flow wp-block-column-is-layout-flow\" style=\"flex-basis:66.66%\">\n<p><strong>Ond\u0159ej Kurkin | Managing Director of CARDAM s.r.o.<\/strong> | Expert in digitalization of processes, digital factory concept and product life cycle management.<\/p>\n<\/div>\n<\/div>\n\n\n\n<div class=\"wp-block-columns is-layout-flex wp-container-core-columns-is-layout-28f84493 wp-block-columns-is-layout-flex\">\n<div class=\"wp-block-column is-layout-flow wp-block-column-is-layout-flow\" style=\"flex-basis:33.33%\">\n<figure class=\"wp-block-image size-full\"><img loading=\"lazy\" decoding=\"async\" width=\"200\" height=\"200\" src=\"https:\/\/brain4industry.cz\/wp-content\/uploads\/2023\/12\/12.png\" alt=\"\" class=\"wp-image-5116\" srcset=\"https:\/\/brain4industry.cz\/wp-content\/uploads\/2023\/12\/12.png 200w, https:\/\/brain4industry.cz\/wp-content\/uploads\/2023\/12\/12-150x150.png 150w\" sizes=\"auto, (max-width: 200px) 100vw, 200px\" \/><\/figure>\n<\/div>\n\n\n\n<div class=\"wp-block-column is-layout-flow wp-block-column-is-layout-flow\" style=\"flex-basis:66.66%\">\n<p><strong>Anton\u00edn Miller | Project Manager Industry 4.0 CARDAM s.r.o.<\/strong> | Expert in the areas of planning, management, rationalization and optimization of production and logistics processes.<\/p>\n<\/div>\n<\/div>\n\n\n\n<div class=\"wp-block-columns is-layout-flex wp-container-core-columns-is-layout-28f84493 wp-block-columns-is-layout-flex\">\n<div class=\"wp-block-column is-layout-flow wp-block-column-is-layout-flow\" style=\"flex-basis:33.33%\">\n<figure class=\"wp-block-image size-full\"><img loading=\"lazy\" decoding=\"async\" width=\"200\" height=\"200\" src=\"https:\/\/brain4industry.cz\/wp-content\/uploads\/2023\/12\/9.png\" alt=\"\" class=\"wp-image-5119\" srcset=\"https:\/\/brain4industry.cz\/wp-content\/uploads\/2023\/12\/9.png 200w, https:\/\/brain4industry.cz\/wp-content\/uploads\/2023\/12\/9-150x150.png 150w\" sizes=\"auto, (max-width: 200px) 100vw, 200px\" \/><\/figure>\n<\/div>\n\n\n\n<div class=\"wp-block-column is-layout-flow wp-block-column-is-layout-flow\" style=\"flex-basis:66.66%\">\n<p><strong>Milan Chlada | Institute of Thermomechanics of the CAS<\/strong>| Expert in mathematical modelling and neural networks.<\/p>\n<\/div>\n<\/div>\n","protected":false},"excerpt":{"rendered":"<p>Getting lost in the digital world and want to find out how it can help you? Do you need to &#8230;<\/p>\n","protected":false},"author":16,"featured_media":0,"parent":0,"menu_order":0,"comment_status":"closed","ping_status":"closed","template":"page-templates\/gdpr.php","meta":{"_acf_changed":false,"inline_featured_image":false,"footnotes":""},"class_list":["post-5663","page","type-page","status-publish","hentry"],"acf":[],"yoast_head":"<!-- This site is optimized with the Yoast SEO plugin v26.2 - https:\/\/yoast.com\/wordpress\/plugins\/seo\/ -->\n<title>AREA OF DIGITISATION - B4I<\/title>\n<meta name=\"robots\" content=\"index, follow, max-snippet:-1, max-image-preview:large, max-video-preview:-1\" \/>\n<link rel=\"canonical\" href=\"https:\/\/brain4industry.cz\/en\/digitalisation-area\/\" \/>\n<meta property=\"og:locale\" content=\"en_US\" \/>\n<meta property=\"og:type\" content=\"article\" \/>\n<meta property=\"og:title\" content=\"AREA OF DIGITISATION - B4I\" \/>\n<meta property=\"og:description\" content=\"Getting lost in the digital world and want to find out how it can help you? Do you need to ...\" \/>\n<meta property=\"og:url\" content=\"https:\/\/brain4industry.cz\/en\/digitalisation-area\/\" \/>\n<meta property=\"og:site_name\" content=\"B4I\" \/>\n<meta property=\"article:modified_time\" content=\"2024-02-19T14:31:11+00:00\" \/>\n<meta property=\"og:image\" content=\"https:\/\/brain4industry.cz\/wp-content\/uploads\/2023\/12\/1-4-1024x256.png\" \/>\n<meta name=\"twitter:card\" content=\"summary_large_image\" \/>\n<meta name=\"twitter:label1\" content=\"Est. reading time\" \/>\n\t<meta name=\"twitter:data1\" content=\"2 minutes\" \/>\n<script type=\"application\/ld+json\" class=\"yoast-schema-graph\">{\"@context\":\"https:\/\/schema.org\",\"@graph\":[{\"@type\":\"WebPage\",\"@id\":\"https:\/\/brain4industry.cz\/en\/digitalisation-area\/\",\"url\":\"https:\/\/brain4industry.cz\/en\/digitalisation-area\/\",\"name\":\"AREA OF DIGITISATION - B4I\",\"isPartOf\":{\"@id\":\"https:\/\/brain4industry.cz\/#website\"},\"primaryImageOfPage\":{\"@id\":\"https:\/\/brain4industry.cz\/en\/digitalisation-area\/#primaryimage\"},\"image\":{\"@id\":\"https:\/\/brain4industry.cz\/en\/digitalisation-area\/#primaryimage\"},\"thumbnailUrl\":\"https:\/\/brain4industry.cz\/wp-content\/uploads\/2023\/12\/1-4-1024x256.png\",\"datePublished\":\"2023-12-04T21:36:53+00:00\",\"dateModified\":\"2024-02-19T14:31:11+00:00\",\"breadcrumb\":{\"@id\":\"https:\/\/brain4industry.cz\/en\/digitalisation-area\/#breadcrumb\"},\"inLanguage\":\"en-US\",\"potentialAction\":[{\"@type\":\"ReadAction\",\"target\":[\"https:\/\/brain4industry.cz\/en\/digitalisation-area\/\"]}]},{\"@type\":\"ImageObject\",\"inLanguage\":\"en-US\",\"@id\":\"https:\/\/brain4industry.cz\/en\/digitalisation-area\/#primaryimage\",\"url\":\"https:\/\/brain4industry.cz\/wp-content\/uploads\/2023\/12\/1-4-1024x256.png\",\"contentUrl\":\"https:\/\/brain4industry.cz\/wp-content\/uploads\/2023\/12\/1-4-1024x256.png\"},{\"@type\":\"BreadcrumbList\",\"@id\":\"https:\/\/brain4industry.cz\/en\/digitalisation-area\/#breadcrumb\",\"itemListElement\":[{\"@type\":\"ListItem\",\"position\":1,\"name\":\"Slu\u017eby a technologie\",\"item\":\"https:\/\/brain4industry.cz\/en\/\"},{\"@type\":\"ListItem\",\"position\":2,\"name\":\"AREA OF DIGITISATION\"}]},{\"@type\":\"WebSite\",\"@id\":\"https:\/\/brain4industry.cz\/#website\",\"url\":\"https:\/\/brain4industry.cz\/\",\"name\":\"B4I\",\"description\":\"\",\"publisher\":{\"@id\":\"https:\/\/brain4industry.cz\/#organization\"},\"potentialAction\":[{\"@type\":\"SearchAction\",\"target\":{\"@type\":\"EntryPoint\",\"urlTemplate\":\"https:\/\/brain4industry.cz\/?s={search_term_string}\"},\"query-input\":{\"@type\":\"PropertyValueSpecification\",\"valueRequired\":true,\"valueName\":\"search_term_string\"}}],\"inLanguage\":\"en-US\"},{\"@type\":\"Organization\",\"@id\":\"https:\/\/brain4industry.cz\/#organization\",\"name\":\"B4I\",\"url\":\"https:\/\/brain4industry.cz\/\",\"logo\":{\"@type\":\"ImageObject\",\"inLanguage\":\"en-US\",\"@id\":\"https:\/\/brain4industry.cz\/#\/schema\/logo\/image\/\",\"url\":\"https:\/\/brain4industry.cz\/wp-content\/uploads\/2023\/02\/screenshot.png\",\"contentUrl\":\"https:\/\/brain4industry.cz\/wp-content\/uploads\/2023\/02\/screenshot.png\",\"width\":73,\"height\":42,\"caption\":\"B4I\"},\"image\":{\"@id\":\"https:\/\/brain4industry.cz\/#\/schema\/logo\/image\/\"}}]}<\/script>\n<!-- \/ Yoast SEO plugin. -->","yoast_head_json":{"title":"AREA OF DIGITISATION - B4I","robots":{"index":"index","follow":"follow","max-snippet":"max-snippet:-1","max-image-preview":"max-image-preview:large","max-video-preview":"max-video-preview:-1"},"canonical":"https:\/\/brain4industry.cz\/en\/digitalisation-area\/","og_locale":"en_US","og_type":"article","og_title":"AREA OF DIGITISATION - B4I","og_description":"Getting lost in the digital world and want to find out how it can help you? Do you need to ...","og_url":"https:\/\/brain4industry.cz\/en\/digitalisation-area\/","og_site_name":"B4I","article_modified_time":"2024-02-19T14:31:11+00:00","og_image":[{"url":"https:\/\/brain4industry.cz\/wp-content\/uploads\/2023\/12\/1-4-1024x256.png","type":"","width":"","height":""}],"twitter_card":"summary_large_image","twitter_misc":{"Est. reading time":"2 minutes"},"schema":{"@context":"https:\/\/schema.org","@graph":[{"@type":"WebPage","@id":"https:\/\/brain4industry.cz\/en\/digitalisation-area\/","url":"https:\/\/brain4industry.cz\/en\/digitalisation-area\/","name":"AREA OF DIGITISATION - B4I","isPartOf":{"@id":"https:\/\/brain4industry.cz\/#website"},"primaryImageOfPage":{"@id":"https:\/\/brain4industry.cz\/en\/digitalisation-area\/#primaryimage"},"image":{"@id":"https:\/\/brain4industry.cz\/en\/digitalisation-area\/#primaryimage"},"thumbnailUrl":"https:\/\/brain4industry.cz\/wp-content\/uploads\/2023\/12\/1-4-1024x256.png","datePublished":"2023-12-04T21:36:53+00:00","dateModified":"2024-02-19T14:31:11+00:00","breadcrumb":{"@id":"https:\/\/brain4industry.cz\/en\/digitalisation-area\/#breadcrumb"},"inLanguage":"en-US","potentialAction":[{"@type":"ReadAction","target":["https:\/\/brain4industry.cz\/en\/digitalisation-area\/"]}]},{"@type":"ImageObject","inLanguage":"en-US","@id":"https:\/\/brain4industry.cz\/en\/digitalisation-area\/#primaryimage","url":"https:\/\/brain4industry.cz\/wp-content\/uploads\/2023\/12\/1-4-1024x256.png","contentUrl":"https:\/\/brain4industry.cz\/wp-content\/uploads\/2023\/12\/1-4-1024x256.png"},{"@type":"BreadcrumbList","@id":"https:\/\/brain4industry.cz\/en\/digitalisation-area\/#breadcrumb","itemListElement":[{"@type":"ListItem","position":1,"name":"Slu\u017eby a technologie","item":"https:\/\/brain4industry.cz\/en\/"},{"@type":"ListItem","position":2,"name":"AREA OF DIGITISATION"}]},{"@type":"WebSite","@id":"https:\/\/brain4industry.cz\/#website","url":"https:\/\/brain4industry.cz\/","name":"B4I","description":"","publisher":{"@id":"https:\/\/brain4industry.cz\/#organization"},"potentialAction":[{"@type":"SearchAction","target":{"@type":"EntryPoint","urlTemplate":"https:\/\/brain4industry.cz\/?s={search_term_string}"},"query-input":{"@type":"PropertyValueSpecification","valueRequired":true,"valueName":"search_term_string"}}],"inLanguage":"en-US"},{"@type":"Organization","@id":"https:\/\/brain4industry.cz\/#organization","name":"B4I","url":"https:\/\/brain4industry.cz\/","logo":{"@type":"ImageObject","inLanguage":"en-US","@id":"https:\/\/brain4industry.cz\/#\/schema\/logo\/image\/","url":"https:\/\/brain4industry.cz\/wp-content\/uploads\/2023\/02\/screenshot.png","contentUrl":"https:\/\/brain4industry.cz\/wp-content\/uploads\/2023\/02\/screenshot.png","width":73,"height":42,"caption":"B4I"},"image":{"@id":"https:\/\/brain4industry.cz\/#\/schema\/logo\/image\/"}}]}},"_links":{"self":[{"href":"https:\/\/brain4industry.cz\/en\/wp-json\/wp\/v2\/pages\/5663","targetHints":{"allow":["GET"]}}],"collection":[{"href":"https:\/\/brain4industry.cz\/en\/wp-json\/wp\/v2\/pages"}],"about":[{"href":"https:\/\/brain4industry.cz\/en\/wp-json\/wp\/v2\/types\/page"}],"author":[{"embeddable":true,"href":"https:\/\/brain4industry.cz\/en\/wp-json\/wp\/v2\/users\/16"}],"replies":[{"embeddable":true,"href":"https:\/\/brain4industry.cz\/en\/wp-json\/wp\/v2\/comments?post=5663"}],"version-history":[{"count":13,"href":"https:\/\/brain4industry.cz\/en\/wp-json\/wp\/v2\/pages\/5663\/revisions"}],"predecessor-version":[{"id":6519,"href":"https:\/\/brain4industry.cz\/en\/wp-json\/wp\/v2\/pages\/5663\/revisions\/6519"}],"wp:attachment":[{"href":"https:\/\/brain4industry.cz\/en\/wp-json\/wp\/v2\/media?parent=5663"}],"curies":[{"name":"wp","href":"https:\/\/api.w.org\/{rel}","templated":true}]}}