{"id":5658,"date":"2023-12-04T22:40:45","date_gmt":"2023-12-04T21:40:45","guid":{"rendered":"https:\/\/brain4industry.cz\/akademie-brain4industry\/"},"modified":"2024-02-19T16:44:52","modified_gmt":"2024-02-19T15:44:52","slug":"brain4industry-academy","status":"publish","type":"page","link":"https:\/\/brain4industry.cz\/en\/brain4industry-academy\/","title":{"rendered":"Brain4Industry Academy"},"content":{"rendered":"\n<figure class=\"wp-block-image size-large\"><img loading=\"lazy\" decoding=\"async\" width=\"1024\" height=\"256\" src=\"https:\/\/brain4industry.cz\/wp-content\/uploads\/2023\/12\/banner-web-3-1024x256.png\" alt=\"\" class=\"wp-image-5203\" srcset=\"https:\/\/brain4industry.cz\/wp-content\/uploads\/2023\/12\/banner-web-3-1024x256.png 1024w, https:\/\/brain4industry.cz\/wp-content\/uploads\/2023\/12\/banner-web-3-300x75.png 300w, https:\/\/brain4industry.cz\/wp-content\/uploads\/2023\/12\/banner-web-3-768x192.png 768w, https:\/\/brain4industry.cz\/wp-content\/uploads\/2023\/12\/banner-web-3-1536x384.png 1536w, https:\/\/brain4industry.cz\/wp-content\/uploads\/2023\/12\/banner-web-3.png 1584w\" sizes=\"auto, (max-width: 1024px) 100vw, 1024px\" \/><\/figure>\n\n\n\n<p>In line with Brain4Industry&#8217;s&nbsp;vision and mission, we want to provide quality education focused on transferring knowledge and technology into practice. Our goal is to move industrial enterprises towards higher added value creation and closer to the final product, thus increasing their competitiveness. Our areas of focus are <strong>digitalisation, additive and other manufacturing technologies<\/strong> and <strong>consulting in the field of &#8220;soft skills for innovation&#8221;<\/strong>. Courses are run at <strong>BASIC, ADVANCED and EXPERT<\/strong> level and are therefore truly for everyone.<\/p>\n\n\n\n<h2 class=\"wp-block-heading\">Areas of education<\/h2>\n\n\n\n<div class=\"wp-block-columns is-layout-flex wp-container-core-columns-is-layout-28f84493 wp-block-columns-is-layout-flex\">\n<div class=\"wp-block-column is-layout-flow wp-block-column-is-layout-flow\" style=\"flex-basis:33.33%\">\n<figure class=\"wp-block-image size-full\"><img loading=\"lazy\" decoding=\"async\" width=\"450\" height=\"200\" src=\"https:\/\/brain4industry.cz\/wp-content\/uploads\/2023\/12\/1.png\" alt=\"\" class=\"wp-image-4966\" srcset=\"https:\/\/brain4industry.cz\/wp-content\/uploads\/2023\/12\/1.png 450w, https:\/\/brain4industry.cz\/wp-content\/uploads\/2023\/12\/1-300x133.png 300w\" sizes=\"auto, (max-width: 450px) 100vw, 450px\" \/><\/figure>\n<\/div>\n\n\n\n<div class=\"wp-block-column is-layout-flow wp-block-column-is-layout-flow\" style=\"flex-basis:66.66%\">\n<p><strong>PRODUCT DEVELOPMENT AM<\/strong> | Do you want to develop a&nbsp;new product and you want to know how to use topological optimization and 3D printing? Do you want to work with us virtually through the complete product life cycle from new product design to production? Do you want to solve specific customized tasks with us and try everything out?<\/p>\n\n\n\n<div class=\"wp-block-buttons is-layout-flex wp-block-buttons-is-layout-flex\">\n<div class=\"wp-block-button\"><a class=\"wp-block-button__link wp-element-button\" href=\"https:\/\/brain4industry.cz\/en\/oblast-vyvoj-produktu\/\" target=\"_blank\" rel=\"noreferrer noopener\">Find out more<\/a><\/div>\n<\/div>\n<\/div>\n<\/div>\n\n\n\n<div class=\"wp-block-columns is-layout-flex wp-container-core-columns-is-layout-28f84493 wp-block-columns-is-layout-flex\">\n<div class=\"wp-block-column is-layout-flow wp-block-column-is-layout-flow\" style=\"flex-basis:33.33%\">\n<figure class=\"wp-block-image size-full\"><img loading=\"lazy\" decoding=\"async\" width=\"450\" height=\"200\" src=\"https:\/\/brain4industry.cz\/wp-content\/uploads\/2023\/12\/4.png\" alt=\"\" class=\"wp-image-4968\" srcset=\"https:\/\/brain4industry.cz\/wp-content\/uploads\/2023\/12\/4.png 450w, https:\/\/brain4industry.cz\/wp-content\/uploads\/2023\/12\/4-300x133.png 300w\" sizes=\"auto, (max-width: 450px) 100vw, 450px\" \/><\/figure>\n<\/div>\n\n\n\n<div class=\"wp-block-column is-layout-flow wp-block-column-is-layout-flow\" style=\"flex-basis:66.66%\">\n<p><strong>NEW TECHNOLOGIES<\/strong> | Are you in the manufacturing industry and are you interested in the possibilities of using additive technologies and their advantages compared to conventional solutions? Do you want to choose the right 3D printing technology and test it out? Do you want to learn more about the possibilities of laser technology in manufacturing?<\/p>\n\n\n\n<div class=\"wp-block-buttons is-layout-flex wp-block-buttons-is-layout-flex\">\n<div class=\"wp-block-button\"><a class=\"wp-block-button__link wp-element-button\" href=\"https:\/\/brain4industry.cz\/en\/oblast-nove-technologie\/\">Find out more<\/a><\/div>\n<\/div>\n<\/div>\n<\/div>\n\n\n\n<div class=\"wp-block-columns is-layout-flex wp-container-core-columns-is-layout-28f84493 wp-block-columns-is-layout-flex\">\n<div class=\"wp-block-column is-layout-flow wp-block-column-is-layout-flow\" style=\"flex-basis:33.33%\">\n<figure class=\"wp-block-image size-full\"><img loading=\"lazy\" decoding=\"async\" width=\"450\" height=\"200\" src=\"https:\/\/brain4industry.cz\/wp-content\/uploads\/2023\/12\/2.png\" alt=\"\" class=\"wp-image-4970\" srcset=\"https:\/\/brain4industry.cz\/wp-content\/uploads\/2023\/12\/2.png 450w, https:\/\/brain4industry.cz\/wp-content\/uploads\/2023\/12\/2-300x133.png 300w\" sizes=\"auto, (max-width: 450px) 100vw, 450px\" \/><\/figure>\n<\/div>\n\n\n\n<div class=\"wp-block-column is-layout-flow wp-block-column-is-layout-flow\" style=\"flex-basis:66.66%\">\n<p><strong>DIGITALIZATION<\/strong> | Are you lost in the digital world and want to find out how it can help you? Do you need to optimize your processes? Do you want to implement specific elements of digitalisation but don&#8217;t know the options and procedures? Do you want to maximize efficiency and strategically manage the digital transformation process in your company? Do you want to effectively collect traffic data and maximize its use in production?<\/p>\n\n\n\n<hr class=\"wp-block-separator has-alpha-channel-opacity\"\/>\n\n\n\n<div class=\"wp-block-buttons is-layout-flex wp-block-buttons-is-layout-flex\">\n<div class=\"wp-block-button is-style-fill\"><a class=\"wp-block-button__link wp-element-button\" href=\"https:\/\/brain4industry.cz\/en\/oblast-digitalizace\/\"><mark style=\"background-color:rgba(0, 0, 0, 0)\" class=\"has-inline-color has-white-color\">Find out more<\/mark><\/a><\/div>\n<\/div>\n<\/div>\n<\/div>\n\n\n\n<div class=\"wp-block-columns is-layout-flex wp-container-core-columns-is-layout-28f84493 wp-block-columns-is-layout-flex\">\n<div class=\"wp-block-column is-layout-flow wp-block-column-is-layout-flow\" style=\"flex-basis:33.33%\">\n<figure class=\"wp-block-image size-full\"><img loading=\"lazy\" decoding=\"async\" width=\"450\" height=\"200\" src=\"https:\/\/brain4industry.cz\/wp-content\/uploads\/2023\/12\/b4i-akademie-web.png\" alt=\"\" class=\"wp-image-5062\" style=\"object-fit:cover\" srcset=\"https:\/\/brain4industry.cz\/wp-content\/uploads\/2023\/12\/b4i-akademie-web.png 450w, https:\/\/brain4industry.cz\/wp-content\/uploads\/2023\/12\/b4i-akademie-web-300x133.png 300w\" sizes=\"auto, (max-width: 450px) 100vw, 450px\" \/><\/figure>\n<\/div>\n\n\n\n<div class=\"wp-block-column is-layout-flow wp-block-column-is-layout-flow\" style=\"flex-basis:66.66%\">\n<p><strong>SOFT SKILLS FOR INNOVATION<\/strong> | Wondering how innovation can save you time and eliminate cost increases? Want to innovate but need advice on how to do it? Wondering how to manage risk and communicate change? Do you want to set up innovation in your company as a&nbsp;process?<\/p>\n\n\n\n<div class=\"wp-block-buttons is-layout-flex wp-block-buttons-is-layout-flex\">\n<div class=\"wp-block-button\"><a class=\"wp-block-button__link wp-element-button\" href=\"https:\/\/brain4industry.cz\/en\/oblast-soft-skills-pro-inovace\/\">Find out more<\/a><\/div>\n<\/div>\n<\/div>\n<\/div>\n\n\n\n<h2 class=\"wp-block-heading\">strengths<\/h2>\n\n\n\n<ul class=\"wp-block-list\">\n<li><strong>Innovations<\/strong> | We see continuing education as a&nbsp;necessary step towards innovation, so we seek new solutions to common problems and challenges, transfer knowledge and share technological trends.<\/li>\n\n\n\n<li><strong>Comprehensiveness<\/strong> | Thanks to the expert background of all members of the Brain4Industry consortium, we offer know-how in a&nbsp;wide range of areas, from production process planning through digitalization and the use of additive and laser technologies to the soft skills necessary for innovation in companies.<\/li>\n\n\n\n<li><strong>Independence<\/strong> | We will recommend the best solution for you, independent of any particular supplier.<\/li>\n\n\n\n<li><strong>Sustainability<\/strong> | We help introduce cost-effective technologies and solutions with a&nbsp;positive impact on the environment.<\/li>\n<\/ul>\n\n\n\n<h2 class=\"wp-block-heading\">Don&#8217;t miss the new dates<\/h2>\n\n\n\n<div class=\"wp-block-columns is-layout-flex wp-container-core-columns-is-layout-28f84493 wp-block-columns-is-layout-flex\">\n<div class=\"wp-block-column is-layout-flow wp-block-column-is-layout-flow\" style=\"flex-basis:66.66%\">\n<p>If you are interested in the course offer, just pre-register here. As soon as new courses are published, we will send you a&nbsp;detailed list of courses and dates.<\/p>\n<\/div>\n\n\n\n<div class=\"wp-block-column is-layout-flow wp-block-column-is-layout-flow\" style=\"flex-basis:33.33%\">\n<div class=\"wp-block-buttons is-layout-flex wp-block-buttons-is-layout-flex\">\n<div class=\"wp-block-button\"><a class=\"wp-block-button__link wp-element-button\" href=\"https:\/\/forms.office.com\/e\/xB5BfmmGm9\" target=\"_blank\" rel=\"noreferrer noopener\">I&#8217;m interested<\/a><\/div>\n<\/div>\n<\/div>\n<\/div>\n\n\n\n<h2 class=\"wp-block-heading\">Funding and further information<\/h2>\n\n\n\n<p>Thanks to EU support, SMEs can obtain a&nbsp;range of services at <strong>minimal cost<\/strong> using <strong>de minimis funding<\/strong>. De minimis aid (small-scale aid) is aid granted from the state resources of an EU Member State. Due to its limited amount, this aid does not distort competition or affect trade between Member States of the European Union. The total amount of de minimis aid granted by a&nbsp;Member State to an undertaking may not exceed EUR 200&nbsp;000 over any three consecutive one-year accounting periods. Read more <a href=\"https:\/\/uohs.gov.cz\/cs\/verejna-podpora\/podpora-de-minimis-a-registr-de-minimis.html\">here<\/a>. A&nbsp;small and medium-sized enterprise is defined as a&nbsp;company with no more than 250 employees, a&nbsp;turnover not exceeding EUR 50 million and a&nbsp;balance sheet not exceeding EUR 43 million. More details <a href=\"https:\/\/eur-lex.europa.eu\/CS\/legal-content\/glossary\/small-and-medium-sized-enterprises.html\">here<\/a>. Large companies can use our services on a&nbsp;commercial basis. Please contact us for more information on courses and funding options. Download the flyer <a href=\"https:\/\/brain4industry.cz\/wp-content\/uploads\/2023\/12\/b4i-akademie_ver-04_tisk.pdf\">HERE<\/a>.<\/p>\n\n\n\n<h2 class=\"wp-block-heading\">Where to find us<\/h2>\n\n\n\n<p>Courses take place online and at the <strong>Brain4Industry Innovation Centre (Za Radnic\u00ed 933, 252&nbsp;41 Doln\u00ed B\u0159e\u017eany)<\/strong>, which provides unique facilities and infrastructure especially for digitalisation, additive technologies and product development.<\/p>\n\n\n\n<figure class=\"wp-block-gallery has-nested-images columns-default is-cropped wp-block-gallery-1 is-layout-flex wp-block-gallery-is-layout-flex\">\n<figure class=\"wp-block-image size-full\"><img loading=\"lazy\" decoding=\"async\" width=\"375\" height=\"244\" data-id=\"4933\" src=\"https:\/\/brain4industry.cz\/wp-content\/uploads\/2023\/11\/mth_8600-lr-kb.png\" alt=\"\" class=\"wp-image-4933\" srcset=\"https:\/\/brain4industry.cz\/wp-content\/uploads\/2023\/11\/mth_8600-lr-kb.png 375w, https:\/\/brain4industry.cz\/wp-content\/uploads\/2023\/11\/mth_8600-lr-kb-300x195.png 300w\" sizes=\"auto, (max-width: 375px) 100vw, 375px\" \/><\/figure>\n\n\n\n<figure class=\"wp-block-image size-large\"><img loading=\"lazy\" decoding=\"async\" width=\"1024\" height=\"683\" data-id=\"4898\" src=\"https:\/\/brain4industry.cz\/wp-content\/uploads\/2023\/11\/img_7371-1024x683.jpg\" alt=\"\" class=\"wp-image-4898\" srcset=\"https:\/\/brain4industry.cz\/wp-content\/uploads\/2023\/11\/img_7371-1024x683.jpg 1024w, https:\/\/brain4industry.cz\/wp-content\/uploads\/2023\/11\/img_7371-300x200.jpg 300w, https:\/\/brain4industry.cz\/wp-content\/uploads\/2023\/11\/img_7371-768x512.jpg 768w, https:\/\/brain4industry.cz\/wp-content\/uploads\/2023\/11\/img_7371-1536x1024.jpg 1536w, https:\/\/brain4industry.cz\/wp-content\/uploads\/2023\/11\/img_7371-2048x1365.jpg 2048w\" sizes=\"auto, (max-width: 1024px) 100vw, 1024px\" \/><\/figure>\n\n\n\n<figure class=\"wp-block-image size-large\"><img loading=\"lazy\" decoding=\"async\" width=\"1024\" height=\"683\" data-id=\"4975\" src=\"https:\/\/brain4industry.cz\/wp-content\/uploads\/2023\/12\/b4i-25-1024x683.jpg\" alt=\"\" class=\"wp-image-4975\" srcset=\"https:\/\/brain4industry.cz\/wp-content\/uploads\/2023\/12\/b4i-25-1024x683.jpg 1024w, https:\/\/brain4industry.cz\/wp-content\/uploads\/2023\/12\/b4i-25-300x200.jpg 300w, https:\/\/brain4industry.cz\/wp-content\/uploads\/2023\/12\/b4i-25-768x512.jpg 768w, https:\/\/brain4industry.cz\/wp-content\/uploads\/2023\/12\/b4i-25-1536x1024.jpg 1536w, https:\/\/brain4industry.cz\/wp-content\/uploads\/2023\/12\/b4i-25-2048x1365.jpg 2048w\" sizes=\"auto, (max-width: 1024px) 100vw, 1024px\" \/><\/figure>\n<\/figure>\n\n\n\n<h2 class=\"wp-block-heading\">Contact<\/h2>\n\n\n\n<div class=\"wp-block-columns is-layout-flex wp-container-core-columns-is-layout-28f84493 wp-block-columns-is-layout-flex\">\n<div class=\"wp-block-column is-layout-flow wp-block-column-is-layout-flow\" style=\"flex-basis:33.33%\">\n<figure class=\"wp-block-image size-full\"><img loading=\"lazy\" decoding=\"async\" width=\"200\" height=\"200\" src=\"https:\/\/brain4industry.cz\/wp-content\/uploads\/2023\/12\/skolitele-2.png\" alt=\"\" class=\"wp-image-5131\" srcset=\"https:\/\/brain4industry.cz\/wp-content\/uploads\/2023\/12\/skolitele-2.png 200w, https:\/\/brain4industry.cz\/wp-content\/uploads\/2023\/12\/skolitele-2-150x150.png 150w\" sizes=\"auto, (max-width: 200px) 100vw, 200px\" \/><\/figure>\n<\/div>\n\n\n\n<div class=\"wp-block-column is-layout-flow wp-block-column-is-layout-flow\" style=\"flex-basis:66.66%\">\n<p>Kate\u0159ina Brejchov\u00e1 | Event &amp; Education Manager | <a href=\"m&#97;&#105;lto:&#98;&#114;&#101;&#106;c&#104;&#111;va&#64;b&#114;ain&#52;&#105;&#110;&#100;us&#116;r&#121;.cz\">&#98;&#114;&#101;&#106;&#99;&#104;o&#118;&#97;&#64;brain4&#105;&#110;&#100;u&#115;t&#114;y&#46;&#99;&#122;<\/a><\/p>\n<\/div>\n<\/div>\n","protected":false},"excerpt":{"rendered":"<p>In line with Brain4Industry&#8217;s&nbsp;vision and mission, we want to provide quality education focused on transferring knowledge and technology into practice. &#8230;<\/p>\n","protected":false},"author":16,"featured_media":0,"parent":0,"menu_order":0,"comment_status":"closed","ping_status":"closed","template":"page-templates\/gdpr.php","meta":{"_acf_changed":false,"inline_featured_image":false,"footnotes":""},"class_list":["post-5658","page","type-page","status-publish","hentry"],"acf":[],"yoast_head":"<!-- This site is optimized with the Yoast SEO plugin v26.2 - https:\/\/yoast.com\/wordpress\/plugins\/seo\/ -->\n<title>Brain4Industry Academy - B4I<\/title>\n<meta name=\"robots\" content=\"index, follow, max-snippet:-1, max-image-preview:large, max-video-preview:-1\" \/>\n<link rel=\"canonical\" href=\"https:\/\/brain4industry.cz\/en\/brain4industry-academy\/\" \/>\n<meta property=\"og:locale\" content=\"en_US\" \/>\n<meta property=\"og:type\" content=\"article\" \/>\n<meta property=\"og:title\" content=\"Brain4Industry Academy - B4I\" \/>\n<meta property=\"og:description\" content=\"In line with Brain4Industry&#8217;s vision and mission, we want to provide quality education focused on transferring knowledge and technology into practice. ...\" \/>\n<meta property=\"og:url\" content=\"https:\/\/brain4industry.cz\/en\/brain4industry-academy\/\" \/>\n<meta property=\"og:site_name\" content=\"B4I\" \/>\n<meta property=\"article:modified_time\" content=\"2024-02-19T15:44:52+00:00\" \/>\n<meta property=\"og:image\" content=\"https:\/\/brain4industry.cz\/wp-content\/uploads\/2023\/12\/banner-web-3-1024x256.png\" \/>\n<meta name=\"twitter:card\" content=\"summary_large_image\" \/>\n<meta name=\"twitter:label1\" content=\"Est. reading time\" \/>\n\t<meta name=\"twitter:data1\" content=\"3 minutes\" \/>\n<script type=\"application\/ld+json\" class=\"yoast-schema-graph\">{\"@context\":\"https:\/\/schema.org\",\"@graph\":[{\"@type\":\"WebPage\",\"@id\":\"https:\/\/brain4industry.cz\/en\/brain4industry-academy\/\",\"url\":\"https:\/\/brain4industry.cz\/en\/brain4industry-academy\/\",\"name\":\"Brain4Industry Academy - B4I\",\"isPartOf\":{\"@id\":\"https:\/\/brain4industry.cz\/#website\"},\"primaryImageOfPage\":{\"@id\":\"https:\/\/brain4industry.cz\/en\/brain4industry-academy\/#primaryimage\"},\"image\":{\"@id\":\"https:\/\/brain4industry.cz\/en\/brain4industry-academy\/#primaryimage\"},\"thumbnailUrl\":\"https:\/\/brain4industry.cz\/wp-content\/uploads\/2023\/12\/banner-web-3-1024x256.png\",\"datePublished\":\"2023-12-04T21:40:45+00:00\",\"dateModified\":\"2024-02-19T15:44:52+00:00\",\"breadcrumb\":{\"@id\":\"https:\/\/brain4industry.cz\/en\/brain4industry-academy\/#breadcrumb\"},\"inLanguage\":\"en-US\",\"potentialAction\":[{\"@type\":\"ReadAction\",\"target\":[\"https:\/\/brain4industry.cz\/en\/brain4industry-academy\/\"]}]},{\"@type\":\"ImageObject\",\"inLanguage\":\"en-US\",\"@id\":\"https:\/\/brain4industry.cz\/en\/brain4industry-academy\/#primaryimage\",\"url\":\"https:\/\/brain4industry.cz\/wp-content\/uploads\/2023\/12\/banner-web-3-1024x256.png\",\"contentUrl\":\"https:\/\/brain4industry.cz\/wp-content\/uploads\/2023\/12\/banner-web-3-1024x256.png\"},{\"@type\":\"BreadcrumbList\",\"@id\":\"https:\/\/brain4industry.cz\/en\/brain4industry-academy\/#breadcrumb\",\"itemListElement\":[{\"@type\":\"ListItem\",\"position\":1,\"name\":\"Slu\u017eby a technologie\",\"item\":\"https:\/\/brain4industry.cz\/en\/\"},{\"@type\":\"ListItem\",\"position\":2,\"name\":\"Brain4Industry Academy\"}]},{\"@type\":\"WebSite\",\"@id\":\"https:\/\/brain4industry.cz\/#website\",\"url\":\"https:\/\/brain4industry.cz\/\",\"name\":\"B4I\",\"description\":\"\",\"publisher\":{\"@id\":\"https:\/\/brain4industry.cz\/#organization\"},\"potentialAction\":[{\"@type\":\"SearchAction\",\"target\":{\"@type\":\"EntryPoint\",\"urlTemplate\":\"https:\/\/brain4industry.cz\/?s={search_term_string}\"},\"query-input\":{\"@type\":\"PropertyValueSpecification\",\"valueRequired\":true,\"valueName\":\"search_term_string\"}}],\"inLanguage\":\"en-US\"},{\"@type\":\"Organization\",\"@id\":\"https:\/\/brain4industry.cz\/#organization\",\"name\":\"B4I\",\"url\":\"https:\/\/brain4industry.cz\/\",\"logo\":{\"@type\":\"ImageObject\",\"inLanguage\":\"en-US\",\"@id\":\"https:\/\/brain4industry.cz\/#\/schema\/logo\/image\/\",\"url\":\"https:\/\/brain4industry.cz\/wp-content\/uploads\/2023\/02\/screenshot.png\",\"contentUrl\":\"https:\/\/brain4industry.cz\/wp-content\/uploads\/2023\/02\/screenshot.png\",\"width\":73,\"height\":42,\"caption\":\"B4I\"},\"image\":{\"@id\":\"https:\/\/brain4industry.cz\/#\/schema\/logo\/image\/\"}}]}<\/script>\n<!-- \/ Yoast SEO plugin. -->","yoast_head_json":{"title":"Brain4Industry Academy - B4I","robots":{"index":"index","follow":"follow","max-snippet":"max-snippet:-1","max-image-preview":"max-image-preview:large","max-video-preview":"max-video-preview:-1"},"canonical":"https:\/\/brain4industry.cz\/en\/brain4industry-academy\/","og_locale":"en_US","og_type":"article","og_title":"Brain4Industry Academy - B4I","og_description":"In line with Brain4Industry&#8217;s vision and mission, we want to provide quality education focused on transferring knowledge and technology into practice. ...","og_url":"https:\/\/brain4industry.cz\/en\/brain4industry-academy\/","og_site_name":"B4I","article_modified_time":"2024-02-19T15:44:52+00:00","og_image":[{"url":"https:\/\/brain4industry.cz\/wp-content\/uploads\/2023\/12\/banner-web-3-1024x256.png","type":"","width":"","height":""}],"twitter_card":"summary_large_image","twitter_misc":{"Est. reading time":"3 minutes"},"schema":{"@context":"https:\/\/schema.org","@graph":[{"@type":"WebPage","@id":"https:\/\/brain4industry.cz\/en\/brain4industry-academy\/","url":"https:\/\/brain4industry.cz\/en\/brain4industry-academy\/","name":"Brain4Industry Academy - B4I","isPartOf":{"@id":"https:\/\/brain4industry.cz\/#website"},"primaryImageOfPage":{"@id":"https:\/\/brain4industry.cz\/en\/brain4industry-academy\/#primaryimage"},"image":{"@id":"https:\/\/brain4industry.cz\/en\/brain4industry-academy\/#primaryimage"},"thumbnailUrl":"https:\/\/brain4industry.cz\/wp-content\/uploads\/2023\/12\/banner-web-3-1024x256.png","datePublished":"2023-12-04T21:40:45+00:00","dateModified":"2024-02-19T15:44:52+00:00","breadcrumb":{"@id":"https:\/\/brain4industry.cz\/en\/brain4industry-academy\/#breadcrumb"},"inLanguage":"en-US","potentialAction":[{"@type":"ReadAction","target":["https:\/\/brain4industry.cz\/en\/brain4industry-academy\/"]}]},{"@type":"ImageObject","inLanguage":"en-US","@id":"https:\/\/brain4industry.cz\/en\/brain4industry-academy\/#primaryimage","url":"https:\/\/brain4industry.cz\/wp-content\/uploads\/2023\/12\/banner-web-3-1024x256.png","contentUrl":"https:\/\/brain4industry.cz\/wp-content\/uploads\/2023\/12\/banner-web-3-1024x256.png"},{"@type":"BreadcrumbList","@id":"https:\/\/brain4industry.cz\/en\/brain4industry-academy\/#breadcrumb","itemListElement":[{"@type":"ListItem","position":1,"name":"Slu\u017eby a technologie","item":"https:\/\/brain4industry.cz\/en\/"},{"@type":"ListItem","position":2,"name":"Brain4Industry Academy"}]},{"@type":"WebSite","@id":"https:\/\/brain4industry.cz\/#website","url":"https:\/\/brain4industry.cz\/","name":"B4I","description":"","publisher":{"@id":"https:\/\/brain4industry.cz\/#organization"},"potentialAction":[{"@type":"SearchAction","target":{"@type":"EntryPoint","urlTemplate":"https:\/\/brain4industry.cz\/?s={search_term_string}"},"query-input":{"@type":"PropertyValueSpecification","valueRequired":true,"valueName":"search_term_string"}}],"inLanguage":"en-US"},{"@type":"Organization","@id":"https:\/\/brain4industry.cz\/#organization","name":"B4I","url":"https:\/\/brain4industry.cz\/","logo":{"@type":"ImageObject","inLanguage":"en-US","@id":"https:\/\/brain4industry.cz\/#\/schema\/logo\/image\/","url":"https:\/\/brain4industry.cz\/wp-content\/uploads\/2023\/02\/screenshot.png","contentUrl":"https:\/\/brain4industry.cz\/wp-content\/uploads\/2023\/02\/screenshot.png","width":73,"height":42,"caption":"B4I"},"image":{"@id":"https:\/\/brain4industry.cz\/#\/schema\/logo\/image\/"}}]}},"_links":{"self":[{"href":"https:\/\/brain4industry.cz\/en\/wp-json\/wp\/v2\/pages\/5658","targetHints":{"allow":["GET"]}}],"collection":[{"href":"https:\/\/brain4industry.cz\/en\/wp-json\/wp\/v2\/pages"}],"about":[{"href":"https:\/\/brain4industry.cz\/en\/wp-json\/wp\/v2\/types\/page"}],"author":[{"embeddable":true,"href":"https:\/\/brain4industry.cz\/en\/wp-json\/wp\/v2\/users\/16"}],"replies":[{"embeddable":true,"href":"https:\/\/brain4industry.cz\/en\/wp-json\/wp\/v2\/comments?post=5658"}],"version-history":[{"count":6,"href":"https:\/\/brain4industry.cz\/en\/wp-json\/wp\/v2\/pages\/5658\/revisions"}],"predecessor-version":[{"id":6526,"href":"https:\/\/brain4industry.cz\/en\/wp-json\/wp\/v2\/pages\/5658\/revisions\/6526"}],"wp:attachment":[{"href":"https:\/\/brain4industry.cz\/en\/wp-json\/wp\/v2\/media?parent=5658"}],"curies":[{"name":"wp","href":"https:\/\/api.w.org\/{rel}","templated":true}]}}